{"id":34105,"date":"2026-04-28T07:23:46","date_gmt":"2026-04-28T07:23:46","guid":{"rendered":"https:\/\/championbaltics.com\/?post_type=product&#038;p=34105"},"modified":"2026-04-28T07:36:33","modified_gmt":"2026-04-28T07:36:33","slug":"armortek-sintetiska-virve-ar-aki-4704-kg-copy","status":"publish","type":"product","link":"https:\/\/championbaltics.com\/lv\/toode\/armortek-sintetiska-virve-ar-aki-4704-kg-copy\/","title":{"rendered":"Armortek sint\u0113tisk\u0101 virve ar \u0101\u0137i \/ 8113 kg"},"content":{"rendered":"<p>Armortek sint\u0113tisk\u0101 virve ar \u0101\u0137i Sint\u0113tisk\u0101 virve 6mm x 15m &#8211; max 4704kg. Sint\u0113tisk\u0101 virve 9,5mm x 15m &#8211; max 8113kg.<\/p>\n<p>K\u0101p\u0113c apsv\u0113rt sint\u0113tisko virvi t\u0113rauda troses viet\u0101: t\u0101 ir viegl\u0101ka, un, ja t\u0101 p\u0101rtr\u016bkst, t\u0101 nokr\u012bt zem\u0113, nevis aizlido atpaka\u013c.<\/p>\n<p>&nbsp;<\/p>\n<p>Citas lomas \u0161aj\u0101 seri\u0101l\u0101:<\/p>\n<ul>\n<li>Sint\u0113tisk\u0101 virve 5mm x 15m &#8211; max 3582kg.<\/li>\n<li>Sint\u0113tisk\u0101 virve 6mm x 15m &#8211; max 4704kg.<\/li>\n<li>Sint\u0113tisk\u0101 virve 9,5mm x 15m &#8211; max 10 871kg.<\/li>\n<li>Sint\u0113tisk\u0101 virve 9,5mm x 30m &#8211; max 10 871kg.<\/li>\n<li>Sint\u0113tisk\u0101 virve 11mm x 30m &#8211; max 13 697kg.<\/li>\n<\/ul>\n","protected":false},"excerpt":{"rendered":"<p>Armortek sint\u0113tisk\u0101 virve ar \u0101\u0137i<\/p>\n<p>Sint\u0113tisk\u0101 virve 9,5mm x 15m &#8211; max 8113kg.<\/p>\n","protected":false},"featured_media":34089,"comment_status":"open","ping_status":"closed","template":"","meta":[],"product_brand":[],"product_cat":[205,200,409],"product_tag":[406,359],"class_list":{"0":"post-34105","1":"product","2":"type-product","3":"status-publish","4":"has-post-thumbnail","6":"product_cat-aksesuari","7":"product_cat-rezerves-dalas","8":"product_cat-virve","9":"product_tag-akis","10":"product_tag-sintetiska-virve","12":"first","13":"instock","14":"taxable","15":"shipping-taxable","16":"purchasable","17":"product-type-simple"},"yoast_head":"<!-- This site is optimized with the Yoast SEO Premium plugin v27.4 (Yoast SEO v27.4) - https:\/\/yoast.com\/product\/yoast-seo-premium-wordpress\/ -->\n<title>Armortek sint\u0113tisk\u0101 virve ar \u0101\u0137i \/ 8113 kg - Champion Baltics<\/title>\n<meta name=\"description\" content=\"Armortek sint\u0113tisk\u0101 virve ar \u0101\u0137i Sint\u0113tisk\u0101 virve 6mm x 15m - max 4704kg. Sint\u0113tisk\u0101 virve 9,5mm x 15m - max 8113kg.\" \/>\n<meta name=\"robots\" content=\"index, follow, max-snippet:-1, max-image-preview:large, max-video-preview:-1\" \/>\n<link rel=\"canonical\" href=\"https:\/\/championbaltics.com\/lv\/toode\/armortek-sintetiska-virve-ar-aki-4704-kg-copy\/\" \/>\n<meta property=\"og:locale\" content=\"lv_LV\" \/>\n<meta property=\"og:type\" content=\"article\" \/>\n<meta property=\"og:title\" content=\"Armortek sint\u0113tisk\u0101 virve ar \u0101\u0137i \/ 8113 kg\" \/>\n<meta property=\"og:description\" content=\"Armortek sint\u0113tisk\u0101 virve ar \u0101\u0137i Sint\u0113tisk\u0101 virve 6mm x 15m - max 4704kg. Sint\u0113tisk\u0101 virve 9,5mm x 15m - max 8113kg.\" \/>\n<meta property=\"og:url\" content=\"https:\/\/championbaltics.com\/lv\/toode\/armortek-sintetiska-virve-ar-aki-4704-kg-copy\/\" \/>\n<meta property=\"og:site_name\" content=\"Champion Baltics\" \/>\n<meta property=\"article:publisher\" content=\"https:\/\/facebook.com\/championbaltics\" \/>\n<meta property=\"article:modified_time\" content=\"2026-04-28T07:36:33+00:00\" \/>\n<meta property=\"og:image\" content=\"https:\/\/championbaltics.com\/wp-content\/uploads\/2026\/04\/ARMORTEK-new.webp\" \/>\n\t<meta property=\"og:image:width\" content=\"1920\" \/>\n\t<meta property=\"og:image:height\" content=\"1440\" \/>\n\t<meta property=\"og:image:type\" content=\"image\/webp\" \/>\n<meta name=\"twitter:card\" content=\"summary_large_image\" \/>\n<meta name=\"twitter:label1\" content=\"Price\" \/>\n\t<meta name=\"twitter:data1\" content=\"219,00&nbsp;&euro;\" \/>\n\t<meta name=\"twitter:label2\" content=\"Availability\" \/>\n\t<meta name=\"twitter:data2\" content=\"In stock\" \/>\n<script type=\"application\/ld+json\" class=\"yoast-schema-graph\">{\"@context\":\"https:\\\/\\\/schema.org\",\"@graph\":[{\"@type\":\"WebPage\",\"@id\":\"https:\\\/\\\/championbaltics.com\\\/lv\\\/toode\\\/armortek-sintetiska-virve-ar-aki-4704-kg-copy\\\/\",\"url\":\"https:\\\/\\\/championbaltics.com\\\/lv\\\/toode\\\/armortek-sintetiska-virve-ar-aki-4704-kg-copy\\\/\",\"name\":\"Armortek sint\u0113tisk\u0101 virve ar \u0101\u0137i \\\/ 8113 kg - Champion Baltics\",\"isPartOf\":{\"@id\":\"https:\\\/\\\/championbaltics.com\\\/lv\\\/#website\"},\"primaryImageOfPage\":{\"@id\":\"https:\\\/\\\/championbaltics.com\\\/lv\\\/toode\\\/armortek-sintetiska-virve-ar-aki-4704-kg-copy\\\/#primaryimage\"},\"image\":{\"@id\":\"https:\\\/\\\/championbaltics.com\\\/lv\\\/toode\\\/armortek-sintetiska-virve-ar-aki-4704-kg-copy\\\/#primaryimage\"},\"thumbnailUrl\":\"https:\\\/\\\/championbaltics.com\\\/wp-content\\\/uploads\\\/2026\\\/04\\\/ARMORTEK-new.webp\",\"datePublished\":\"2026-04-28T07:23:46+00:00\",\"dateModified\":\"2026-04-28T07:36:33+00:00\",\"description\":\"Armortek sint\u0113tisk\u0101 virve ar \u0101\u0137i Sint\u0113tisk\u0101 virve 6mm x 15m - max 4704kg. Sint\u0113tisk\u0101 virve 9,5mm x 15m - max 8113kg.\",\"breadcrumb\":{\"@id\":\"https:\\\/\\\/championbaltics.com\\\/lv\\\/toode\\\/armortek-sintetiska-virve-ar-aki-4704-kg-copy\\\/#breadcrumb\"},\"inLanguage\":\"lv-LV\",\"potentialAction\":[{\"@type\":\"ReadAction\",\"target\":[\"https:\\\/\\\/championbaltics.com\\\/lv\\\/toode\\\/armortek-sintetiska-virve-ar-aki-4704-kg-copy\\\/\"]}]},{\"@type\":\"ImageObject\",\"inLanguage\":\"lv-LV\",\"@id\":\"https:\\\/\\\/championbaltics.com\\\/lv\\\/toode\\\/armortek-sintetiska-virve-ar-aki-4704-kg-copy\\\/#primaryimage\",\"url\":\"https:\\\/\\\/championbaltics.com\\\/wp-content\\\/uploads\\\/2026\\\/04\\\/ARMORTEK-new.webp\",\"contentUrl\":\"https:\\\/\\\/championbaltics.com\\\/wp-content\\\/uploads\\\/2026\\\/04\\\/ARMORTEK-new.webp\",\"width\":1920,\"height\":1440,\"caption\":\"red synthetic rope with yellow hook\"},{\"@type\":\"BreadcrumbList\",\"@id\":\"https:\\\/\\\/championbaltics.com\\\/lv\\\/toode\\\/armortek-sintetiska-virve-ar-aki-4704-kg-copy\\\/#breadcrumb\",\"itemListElement\":[{\"@type\":\"ListItem\",\"position\":1,\"name\":\"Home\",\"item\":\"https:\\\/\\\/championbaltics.com\\\/lv\\\/\"},{\"@type\":\"ListItem\",\"position\":2,\"name\":\"Veikals\",\"item\":\"https:\\\/\\\/championbaltics.com\\\/lv\\\/veikals\\\/\"},{\"@type\":\"ListItem\",\"position\":3,\"name\":\"Armortek sint\u0113tisk\u0101 virve ar \u0101\u0137i \\\/ 8113 kg\"}]},{\"@type\":\"WebSite\",\"@id\":\"https:\\\/\\\/championbaltics.com\\\/lv\\\/#website\",\"url\":\"https:\\\/\\\/championbaltics.com\\\/lv\\\/\",\"name\":\"Champion Baltics\",\"description\":\"Power equipments\",\"publisher\":{\"@id\":\"https:\\\/\\\/championbaltics.com\\\/lv\\\/#organization\"},\"alternateName\":\"Champion Power Equipment\",\"potentialAction\":[{\"@type\":\"SearchAction\",\"target\":{\"@type\":\"EntryPoint\",\"urlTemplate\":\"https:\\\/\\\/championbaltics.com\\\/lv\\\/?s={search_term_string}\"},\"query-input\":{\"@type\":\"PropertyValueSpecification\",\"valueRequired\":true,\"valueName\":\"search_term_string\"}}],\"inLanguage\":\"lv-LV\"},{\"@type\":[\"Organization\",\"Place\"],\"@id\":\"https:\\\/\\\/championbaltics.com\\\/lv\\\/#organization\",\"name\":\"Champion Baltics\",\"alternateName\":\"Champion Power Equipment\",\"url\":\"https:\\\/\\\/championbaltics.com\\\/lv\\\/\",\"logo\":{\"@id\":\"https:\\\/\\\/championbaltics.com\\\/lv\\\/toode\\\/armortek-sintetiska-virve-ar-aki-4704-kg-copy\\\/#local-main-organization-logo\"},\"image\":{\"@id\":\"https:\\\/\\\/championbaltics.com\\\/lv\\\/toode\\\/armortek-sintetiska-virve-ar-aki-4704-kg-copy\\\/#local-main-organization-logo\"},\"sameAs\":[\"https:\\\/\\\/facebook.com\\\/championbaltics\"],\"description\":\"Champion power equipment representer of State of Baltics\",\"legalName\":\"T.O Engineering LLC\",\"foundingDate\":\"2015-01-07\",\"numberOfEmployees\":{\"@type\":\"QuantitativeValue\",\"minValue\":\"1\",\"maxValue\":\"10\"},\"hasMerchantReturnPolicy\":{\"@type\":\"MerchantReturnPolicy\",\"merchantReturnLink\":\"https:\\\/\\\/championbaltics.com\\\/refund_returns\\\/\"},\"address\":{\"@id\":\"https:\\\/\\\/championbaltics.com\\\/lv\\\/toode\\\/armortek-sintetiska-virve-ar-aki-4704-kg-copy\\\/#local-main-place-address\"},\"telephone\":[],\"contactPoint\":{\"@type\":\"ContactPoint\",\"telephone\":\"+3725204833\",\"email\":\"info@championbaltics.com\"},\"openingHoursSpecification\":[{\"@type\":\"OpeningHoursSpecification\",\"dayOfWeek\":[\"Monday\",\"Tuesday\",\"Wednesday\",\"Thursday\",\"Friday\",\"Saturday\",\"Sunday\"],\"opens\":\"09:00\",\"closes\":\"17:00\"}],\"email\":\"info@championbaltics.com\",\"vatID\":\"EE102032772\"},{\"@type\":\"PostalAddress\",\"@id\":\"https:\\\/\\\/championbaltics.com\\\/lv\\\/toode\\\/armortek-sintetiska-virve-ar-aki-4704-kg-copy\\\/#local-main-place-address\",\"streetAddress\":\"P\u00e4rnu mnt 144\",\"addressLocality\":\"Tallinn\",\"postalCode\":\"11317\",\"addressRegion\":\"Harju\",\"addressCountry\":\"EE\"},{\"@type\":\"ImageObject\",\"inLanguage\":\"lv-LV\",\"@id\":\"https:\\\/\\\/championbaltics.com\\\/lv\\\/toode\\\/armortek-sintetiska-virve-ar-aki-4704-kg-copy\\\/#local-main-organization-logo\",\"url\":\"https:\\\/\\\/championbaltics.com\\\/wp-content\\\/uploads\\\/2025\\\/08\\\/cropped-ChampionBalticsLogo.webp\",\"contentUrl\":\"https:\\\/\\\/championbaltics.com\\\/wp-content\\\/uploads\\\/2025\\\/08\\\/cropped-ChampionBalticsLogo.webp\",\"width\":512,\"height\":512,\"caption\":\"Champion Baltics\"}]}<\/script>\n<meta property=\"product:price:amount\" content=\"219.00\" \/>\n<meta property=\"product:price:currency\" content=\"EUR\" \/>\n<meta property=\"og:availability\" content=\"instock\" \/>\n<meta property=\"product:availability\" content=\"instock\" \/>\n<meta property=\"product:retailer_item_id\" content=\"80ARRMU\" \/>\n<meta property=\"product:condition\" content=\"new\" \/>\n<meta name=\"geo.placename\" content=\"Tallinn\" \/>\n<meta name=\"geo.region\" content=\"Estonia\" \/>\n<!-- \/ Yoast SEO Premium plugin. -->","yoast_head_json":{"title":"Armortek sint\u0113tisk\u0101 virve ar \u0101\u0137i \/ 8113 kg - Champion Baltics","description":"Armortek sint\u0113tisk\u0101 virve ar \u0101\u0137i Sint\u0113tisk\u0101 virve 6mm x 15m - max 4704kg. Sint\u0113tisk\u0101 virve 9,5mm x 15m - max 8113kg.","robots":{"index":"index","follow":"follow","max-snippet":"max-snippet:-1","max-image-preview":"max-image-preview:large","max-video-preview":"max-video-preview:-1"},"canonical":"https:\/\/championbaltics.com\/lv\/toode\/armortek-sintetiska-virve-ar-aki-4704-kg-copy\/","og_locale":"lv_LV","og_type":"article","og_title":"Armortek sint\u0113tisk\u0101 virve ar \u0101\u0137i \/ 8113 kg","og_description":"Armortek sint\u0113tisk\u0101 virve ar \u0101\u0137i Sint\u0113tisk\u0101 virve 6mm x 15m - max 4704kg. Sint\u0113tisk\u0101 virve 9,5mm x 15m - max 8113kg.","og_url":"https:\/\/championbaltics.com\/lv\/toode\/armortek-sintetiska-virve-ar-aki-4704-kg-copy\/","og_site_name":"Champion Baltics","article_publisher":"https:\/\/facebook.com\/championbaltics","article_modified_time":"2026-04-28T07:36:33+00:00","og_image":[{"width":1920,"height":1440,"url":"https:\/\/championbaltics.com\/wp-content\/uploads\/2026\/04\/ARMORTEK-new.webp","type":"image\/webp"}],"twitter_card":"summary_large_image","twitter_misc":{"Price":"219,00&nbsp;&euro;","Availability":"In stock"},"schema":{"@context":"https:\/\/schema.org","@graph":[{"@type":"WebPage","@id":"https:\/\/championbaltics.com\/lv\/toode\/armortek-sintetiska-virve-ar-aki-4704-kg-copy\/","url":"https:\/\/championbaltics.com\/lv\/toode\/armortek-sintetiska-virve-ar-aki-4704-kg-copy\/","name":"Armortek sint\u0113tisk\u0101 virve ar \u0101\u0137i \/ 8113 kg - Champion Baltics","isPartOf":{"@id":"https:\/\/championbaltics.com\/lv\/#website"},"primaryImageOfPage":{"@id":"https:\/\/championbaltics.com\/lv\/toode\/armortek-sintetiska-virve-ar-aki-4704-kg-copy\/#primaryimage"},"image":{"@id":"https:\/\/championbaltics.com\/lv\/toode\/armortek-sintetiska-virve-ar-aki-4704-kg-copy\/#primaryimage"},"thumbnailUrl":"https:\/\/championbaltics.com\/wp-content\/uploads\/2026\/04\/ARMORTEK-new.webp","datePublished":"2026-04-28T07:23:46+00:00","dateModified":"2026-04-28T07:36:33+00:00","description":"Armortek sint\u0113tisk\u0101 virve ar \u0101\u0137i Sint\u0113tisk\u0101 virve 6mm x 15m - max 4704kg. Sint\u0113tisk\u0101 virve 9,5mm x 15m - max 8113kg.","breadcrumb":{"@id":"https:\/\/championbaltics.com\/lv\/toode\/armortek-sintetiska-virve-ar-aki-4704-kg-copy\/#breadcrumb"},"inLanguage":"lv-LV","potentialAction":[{"@type":"ReadAction","target":["https:\/\/championbaltics.com\/lv\/toode\/armortek-sintetiska-virve-ar-aki-4704-kg-copy\/"]}]},{"@type":"ImageObject","inLanguage":"lv-LV","@id":"https:\/\/championbaltics.com\/lv\/toode\/armortek-sintetiska-virve-ar-aki-4704-kg-copy\/#primaryimage","url":"https:\/\/championbaltics.com\/wp-content\/uploads\/2026\/04\/ARMORTEK-new.webp","contentUrl":"https:\/\/championbaltics.com\/wp-content\/uploads\/2026\/04\/ARMORTEK-new.webp","width":1920,"height":1440,"caption":"red synthetic rope with yellow hook"},{"@type":"BreadcrumbList","@id":"https:\/\/championbaltics.com\/lv\/toode\/armortek-sintetiska-virve-ar-aki-4704-kg-copy\/#breadcrumb","itemListElement":[{"@type":"ListItem","position":1,"name":"Home","item":"https:\/\/championbaltics.com\/lv\/"},{"@type":"ListItem","position":2,"name":"Veikals","item":"https:\/\/championbaltics.com\/lv\/veikals\/"},{"@type":"ListItem","position":3,"name":"Armortek sint\u0113tisk\u0101 virve ar \u0101\u0137i \/ 8113 kg"}]},{"@type":"WebSite","@id":"https:\/\/championbaltics.com\/lv\/#website","url":"https:\/\/championbaltics.com\/lv\/","name":"Champion Baltics","description":"Power equipments","publisher":{"@id":"https:\/\/championbaltics.com\/lv\/#organization"},"alternateName":"Champion Power Equipment","potentialAction":[{"@type":"SearchAction","target":{"@type":"EntryPoint","urlTemplate":"https:\/\/championbaltics.com\/lv\/?s={search_term_string}"},"query-input":{"@type":"PropertyValueSpecification","valueRequired":true,"valueName":"search_term_string"}}],"inLanguage":"lv-LV"},{"@type":["Organization","Place"],"@id":"https:\/\/championbaltics.com\/lv\/#organization","name":"Champion Baltics","alternateName":"Champion Power Equipment","url":"https:\/\/championbaltics.com\/lv\/","logo":{"@id":"https:\/\/championbaltics.com\/lv\/toode\/armortek-sintetiska-virve-ar-aki-4704-kg-copy\/#local-main-organization-logo"},"image":{"@id":"https:\/\/championbaltics.com\/lv\/toode\/armortek-sintetiska-virve-ar-aki-4704-kg-copy\/#local-main-organization-logo"},"sameAs":["https:\/\/facebook.com\/championbaltics"],"description":"Champion power equipment representer of State of Baltics","legalName":"T.O Engineering LLC","foundingDate":"2015-01-07","numberOfEmployees":{"@type":"QuantitativeValue","minValue":"1","maxValue":"10"},"hasMerchantReturnPolicy":{"@type":"MerchantReturnPolicy","merchantReturnLink":"https:\/\/championbaltics.com\/refund_returns\/"},"address":{"@id":"https:\/\/championbaltics.com\/lv\/toode\/armortek-sintetiska-virve-ar-aki-4704-kg-copy\/#local-main-place-address"},"telephone":[],"contactPoint":{"@type":"ContactPoint","telephone":"+3725204833","email":"info@championbaltics.com"},"openingHoursSpecification":[{"@type":"OpeningHoursSpecification","dayOfWeek":["Monday","Tuesday","Wednesday","Thursday","Friday","Saturday","Sunday"],"opens":"09:00","closes":"17:00"}],"email":"info@championbaltics.com","vatID":"EE102032772"},{"@type":"PostalAddress","@id":"https:\/\/championbaltics.com\/lv\/toode\/armortek-sintetiska-virve-ar-aki-4704-kg-copy\/#local-main-place-address","streetAddress":"P\u00e4rnu mnt 144","addressLocality":"Tallinn","postalCode":"11317","addressRegion":"Harju","addressCountry":"EE"},{"@type":"ImageObject","inLanguage":"lv-LV","@id":"https:\/\/championbaltics.com\/lv\/toode\/armortek-sintetiska-virve-ar-aki-4704-kg-copy\/#local-main-organization-logo","url":"https:\/\/championbaltics.com\/wp-content\/uploads\/2025\/08\/cropped-ChampionBalticsLogo.webp","contentUrl":"https:\/\/championbaltics.com\/wp-content\/uploads\/2025\/08\/cropped-ChampionBalticsLogo.webp","width":512,"height":512,"caption":"Champion Baltics"}]},"product_price_amount":"219.00","product_price_currency":"EUR","og_availability":"instock","product_availability":"instock","product_retailer_item_id":"80ARRMU","product_condition":"new","geo.placename":"Tallinn","geo.region":"Estonia"},"_links":{"self":[{"href":"https:\/\/championbaltics.com\/lv\/wp-json\/wp\/v2\/product\/34105","targetHints":{"allow":["GET"]}}],"collection":[{"href":"https:\/\/championbaltics.com\/lv\/wp-json\/wp\/v2\/product"}],"about":[{"href":"https:\/\/championbaltics.com\/lv\/wp-json\/wp\/v2\/types\/product"}],"replies":[{"embeddable":true,"href":"https:\/\/championbaltics.com\/lv\/wp-json\/wp\/v2\/comments?post=34105"}],"version-history":[{"count":1,"href":"https:\/\/championbaltics.com\/lv\/wp-json\/wp\/v2\/product\/34105\/revisions"}],"predecessor-version":[{"id":34108,"href":"https:\/\/championbaltics.com\/lv\/wp-json\/wp\/v2\/product\/34105\/revisions\/34108"}],"wp:featuredmedia":[{"embeddable":true,"href":"https:\/\/championbaltics.com\/lv\/wp-json\/wp\/v2\/media\/34089"}],"wp:attachment":[{"href":"https:\/\/championbaltics.com\/lv\/wp-json\/wp\/v2\/media?parent=34105"}],"wp:term":[{"taxonomy":"product_brand","embeddable":true,"href":"https:\/\/championbaltics.com\/lv\/wp-json\/wp\/v2\/product_brand?post=34105"},{"taxonomy":"product_cat","embeddable":true,"href":"https:\/\/championbaltics.com\/lv\/wp-json\/wp\/v2\/product_cat?post=34105"},{"taxonomy":"product_tag","embeddable":true,"href":"https:\/\/championbaltics.com\/lv\/wp-json\/wp\/v2\/product_tag?post=34105"}],"curies":[{"name":"wp","href":"https:\/\/api.w.org\/{rel}","templated":true}]}}