{"id":34235,"date":"2025-11-03T10:54:29","date_gmt":"2025-11-03T10:54:29","guid":{"rendered":"https:\/\/championbaltics.com\/toode\/ninja-4500-elektriska-vinca-12v-ar-sintetisko-virvi\/"},"modified":"2025-11-03T10:54:29","modified_gmt":"2025-11-03T10:54:29","slug":"ninja-4500-elektriska-vinca-12v-ar-sintetisko-virvi","status":"publish","type":"product","link":"https:\/\/championbaltics.com\/lv\/toode\/ninja-4500-elektriska-vinca-12v-ar-sintetisko-virvi\/","title":{"rendered":"Ninja 4500 elektrisk\u0101 vin\u010da 12V \u2013 ar sint\u0113tisko virvi"},"content":{"rendered":"<h3>Ninja 4500 elektrisk\u0101 vin\u010da 12V \u2013 ar sint\u0113tisko virvi<\/h3>\n<p>Warrior Winches Ninja s\u0113rija ir lieliska univers\u0101la vin\u010da, kas ir nep\u0101rsp\u0113jama. T\u0101 ir ide\u0101la vin\u010da ATV\/UTV, piekab\u0113m un nelieliem lietojumiem.  Ninja mode\u013ciem ir unik\u0101la atbr\u012bvo\u0161anas funkcija, kas \u013cauj virvi izvilkt \u0101tr\u0101k nek\u0101 parasti, un tie ir pieejami gan ar t\u0113rauda, \u200b\u200bgan sint\u0113tisko virvi. Ieb\u016bv\u0113t\u0101 bremze, kas var notur\u0113t pilnu svaru, k\u0101 ar\u012b tr\u012bspak\u0101pju planet\u0101rais p\u0101rnesums padara \u0161o vin\u010du par uzticamu deta\u013cu jebkuram pielietojumam. 4500 m\u0101rci\u0146u izm\u0113rs noz\u012bm\u0113 2041 kg vilk\u0161anas sp\u0113ku.  <\/p>\n<p>Komplekt\u0101 ir iek\u013cauts viss nepiecie\u0161amais, lai vin\u010du var\u0113tu nekav\u0113joties s\u0101kt darbin\u0101t; t\u0101lvad\u012bbas pults ar 3,8 m kabeli, \u0101\u0137is, kabe\u013ci, mont\u0101\u017eas pl\u0101ksne, skriemelis un troses vadotne. Ninja ir nov\u0113rt\u0113ts k\u0101 IP54. <\/p>\n<p>\u0160is modelis SPA tiek pieg\u0101d\u0101ts ar sint\u0113tisku virvi.<\/p>\n<p>A remote control for the ATV handlebar and\/or multiple wireless remote controls are available as an option.<\/p>\n","protected":false},"excerpt":{"rendered":"<p>Warrior Winches Ninja s\u0113rija ir lieliska univers\u0101la vin\u010da, kas ir nep\u0101rsp\u0113jama. T\u0101 ir ide\u0101la vin\u010da ATV\/UTV, piekab\u0113m un nelieliem lietojumiem. <\/p>\n<h3>\u012apa\u0161\u012bbas:<\/h3>\n<ul>\n<li>Aizsarg\u0101ts augstas veiktsp\u0113jas motors<\/li>\n<li>Strong waterproof contactors<\/li>\n<li>T\u0113rauda planet\u0101rais p\u0101rnesums<\/li>\n<li>Pastiprin\u0101ts cilindrs sint\u0113tiskajai virvei<\/li>\n<li>\u016adensiztur\u012bgs savienot\u0101js t\u0101lvad\u012bbas pultij<\/li>\n<li>Skr\u0101p\u0113jumiem iztur\u012bgs pulverkr\u0101sojums<\/li>\n<\/ul>\n","protected":false},"featured_media":34226,"comment_status":"open","ping_status":"closed","template":"","meta":[],"product_brand":[],"product_cat":[315],"product_tag":[371,382,346,359,316],"class_list":{"0":"post-34235","1":"product","2":"type-product","3":"status-publish","4":"has-post-thumbnail","6":"product_cat-vincas","7":"product_tag-elektriska-vinca","8":"product_tag-ninja","9":"product_tag-premium","10":"product_tag-sintetiska-virve","11":"product_tag-vinca","13":"first","14":"instock","15":"taxable","16":"shipping-taxable","17":"purchasable","18":"product-type-simple"},"yoast_head":"<!-- This site is optimized with the Yoast SEO Premium plugin v27.5 (Yoast SEO v27.5) - https:\/\/yoast.com\/product\/yoast-seo-premium-wordpress\/ -->\n<title>Ninja 4500 elektrisk\u0101 vin\u010da 12V \u2013 ar sint\u0113tisko virvi - Champion Baltics<\/title>\n<meta name=\"description\" content=\"Ninja 4500 elektrisk\u0101 vin\u010da 12V ar t\u0113rauda trosi \u2013 2041 kg vilk\u0161anas sp\u0113ks, ieb\u016bv\u0113ta bremze, 3 pak\u0101pju planet\u0101rais p\u0101rnesums, t\u0101lvad\u012bbas pults, IP54 aizsardz\u012bbas klase, ide\u0101li piem\u0113rota ATV\/UTV un piekab\u0113m\" \/>\n<meta name=\"robots\" content=\"index, follow, max-snippet:-1, max-image-preview:large, max-video-preview:-1\" \/>\n<link rel=\"canonical\" href=\"https:\/\/championbaltics.com\/lv\/toode\/ninja-4500-elektriska-vinca-12v-ar-sintetisko-virvi\/\" \/>\n<meta property=\"og:locale\" content=\"lv_LV\" \/>\n<meta property=\"og:type\" content=\"article\" \/>\n<meta property=\"og:title\" content=\"Ninja 4500 elektrisk\u0101 vin\u010da 12V \u2013 ar sint\u0113tisko virvi\" \/>\n<meta property=\"og:description\" content=\"Ninja 4500 elektrisk\u0101 vin\u010da 12V ar t\u0113rauda trosi \u2013 2041 kg vilk\u0161anas sp\u0113ks, ieb\u016bv\u0113ta bremze, 3 pak\u0101pju planet\u0101rais p\u0101rnesums, t\u0101lvad\u012bbas pults, IP54 aizsardz\u012bbas klase, ide\u0101li piem\u0113rota ATV\/UTV un piekab\u0113m\" \/>\n<meta property=\"og:url\" content=\"https:\/\/championbaltics.com\/lv\/toode\/ninja-4500-elektriska-vinca-12v-ar-sintetisko-virvi\/\" \/>\n<meta property=\"og:site_name\" content=\"Champion Baltics\" \/>\n<meta property=\"article:publisher\" content=\"https:\/\/facebook.com\/championbaltics\" \/>\n<meta property=\"og:image\" content=\"https:\/\/championbaltics.com\/wp-content\/uploads\/2025\/11\/Ninja_45SPA_winch-frontr-1-scaled.webp\" \/>\n\t<meta property=\"og:image:width\" content=\"1920\" \/>\n\t<meta property=\"og:image:height\" content=\"1920\" \/>\n\t<meta property=\"og:image:type\" content=\"image\/webp\" \/>\n<meta name=\"twitter:card\" content=\"summary_large_image\" \/>\n<meta name=\"twitter:label1\" content=\"Price\" \/>\n\t<meta name=\"twitter:data1\" content=\"369,00&nbsp;&euro;\" \/>\n\t<meta name=\"twitter:label2\" content=\"Availability\" \/>\n\t<meta name=\"twitter:data2\" content=\"In stock\" \/>\n<script type=\"application\/ld+json\" class=\"yoast-schema-graph\">{\"@context\":\"https:\\\/\\\/schema.org\",\"@graph\":[{\"@type\":\"WebPage\",\"@id\":\"https:\\\/\\\/championbaltics.com\\\/lv\\\/toode\\\/ninja-4500-elektriska-vinca-12v-ar-sintetisko-virvi\\\/\",\"url\":\"https:\\\/\\\/championbaltics.com\\\/lv\\\/toode\\\/ninja-4500-elektriska-vinca-12v-ar-sintetisko-virvi\\\/\",\"name\":\"Ninja 4500 elektrisk\u0101 vin\u010da 12V \u2013 ar sint\u0113tisko virvi - Champion Baltics\",\"isPartOf\":{\"@id\":\"https:\\\/\\\/championbaltics.com\\\/lv\\\/#website\"},\"primaryImageOfPage\":{\"@id\":\"https:\\\/\\\/championbaltics.com\\\/lv\\\/toode\\\/ninja-4500-elektriska-vinca-12v-ar-sintetisko-virvi\\\/#primaryimage\"},\"image\":{\"@id\":\"https:\\\/\\\/championbaltics.com\\\/lv\\\/toode\\\/ninja-4500-elektriska-vinca-12v-ar-sintetisko-virvi\\\/#primaryimage\"},\"thumbnailUrl\":\"https:\\\/\\\/championbaltics.com\\\/wp-content\\\/uploads\\\/2025\\\/11\\\/Ninja_45SPA_winch-frontr-1-scaled.webp\",\"datePublished\":\"2025-11-03T10:54:29+00:00\",\"description\":\"Ninja 4500 elektrisk\u0101 vin\u010da 12V ar t\u0113rauda trosi \u2013 2041 kg vilk\u0161anas sp\u0113ks, ieb\u016bv\u0113ta bremze, 3 pak\u0101pju planet\u0101rais p\u0101rnesums, t\u0101lvad\u012bbas pults, IP54 aizsardz\u012bbas klase, ide\u0101li piem\u0113rota ATV\\\/UTV un piekab\u0113m\",\"breadcrumb\":{\"@id\":\"https:\\\/\\\/championbaltics.com\\\/lv\\\/toode\\\/ninja-4500-elektriska-vinca-12v-ar-sintetisko-virvi\\\/#breadcrumb\"},\"inLanguage\":\"lv-LV\",\"potentialAction\":[{\"@type\":\"ReadAction\",\"target\":[\"https:\\\/\\\/championbaltics.com\\\/lv\\\/toode\\\/ninja-4500-elektriska-vinca-12v-ar-sintetisko-virvi\\\/\"]}]},{\"@type\":\"ImageObject\",\"inLanguage\":\"lv-LV\",\"@id\":\"https:\\\/\\\/championbaltics.com\\\/lv\\\/toode\\\/ninja-4500-elektriska-vinca-12v-ar-sintetisko-virvi\\\/#primaryimage\",\"url\":\"https:\\\/\\\/championbaltics.com\\\/wp-content\\\/uploads\\\/2025\\\/11\\\/Ninja_45SPA_winch-frontr-1-scaled.webp\",\"contentUrl\":\"https:\\\/\\\/championbaltics.com\\\/wp-content\\\/uploads\\\/2025\\\/11\\\/Ninja_45SPA_winch-frontr-1-scaled.webp\",\"width\":1920,\"height\":1920,\"caption\":\"vin\u010das skats no priek\u0161puses\"},{\"@type\":\"BreadcrumbList\",\"@id\":\"https:\\\/\\\/championbaltics.com\\\/lv\\\/toode\\\/ninja-4500-elektriska-vinca-12v-ar-sintetisko-virvi\\\/#breadcrumb\",\"itemListElement\":[{\"@type\":\"ListItem\",\"position\":1,\"name\":\"Home\",\"item\":\"https:\\\/\\\/championbaltics.com\\\/lv\\\/\"},{\"@type\":\"ListItem\",\"position\":2,\"name\":\"Veikals\",\"item\":\"https:\\\/\\\/championbaltics.com\\\/lv\\\/veikals\\\/\"},{\"@type\":\"ListItem\",\"position\":3,\"name\":\"Ninja 4500 elektrisk\u0101 vin\u010da 12V \u2013 ar sint\u0113tisko virvi\"}]},{\"@type\":\"WebSite\",\"@id\":\"https:\\\/\\\/championbaltics.com\\\/lv\\\/#website\",\"url\":\"https:\\\/\\\/championbaltics.com\\\/lv\\\/\",\"name\":\"Champion Baltics\",\"description\":\"Power equipments\",\"publisher\":{\"@id\":\"https:\\\/\\\/championbaltics.com\\\/lv\\\/#organization\"},\"alternateName\":\"Champion Power Equipment\",\"potentialAction\":[{\"@type\":\"SearchAction\",\"target\":{\"@type\":\"EntryPoint\",\"urlTemplate\":\"https:\\\/\\\/championbaltics.com\\\/lv\\\/?s={search_term_string}\"},\"query-input\":{\"@type\":\"PropertyValueSpecification\",\"valueRequired\":true,\"valueName\":\"search_term_string\"}}],\"inLanguage\":\"lv-LV\"},{\"@type\":[\"Organization\",\"Place\"],\"@id\":\"https:\\\/\\\/championbaltics.com\\\/lv\\\/#organization\",\"name\":\"Champion Baltics\",\"alternateName\":\"Champion Power Equipment\",\"url\":\"https:\\\/\\\/championbaltics.com\\\/lv\\\/\",\"logo\":{\"@id\":\"https:\\\/\\\/championbaltics.com\\\/lv\\\/toode\\\/ninja-4500-elektriska-vinca-12v-ar-sintetisko-virvi\\\/#local-main-organization-logo\"},\"image\":{\"@id\":\"https:\\\/\\\/championbaltics.com\\\/lv\\\/toode\\\/ninja-4500-elektriska-vinca-12v-ar-sintetisko-virvi\\\/#local-main-organization-logo\"},\"sameAs\":[\"https:\\\/\\\/facebook.com\\\/championbaltics\"],\"description\":\"Champion power equipment representer of State of Baltics\",\"legalName\":\"T.O Engineering LLC\",\"foundingDate\":\"2015-01-07\",\"numberOfEmployees\":{\"@type\":\"QuantitativeValue\",\"minValue\":\"1\",\"maxValue\":\"10\"},\"hasMerchantReturnPolicy\":{\"@type\":\"MerchantReturnPolicy\",\"merchantReturnLink\":\"https:\\\/\\\/championbaltics.com\\\/refund_returns\\\/\"},\"address\":{\"@id\":\"https:\\\/\\\/championbaltics.com\\\/lv\\\/toode\\\/ninja-4500-elektriska-vinca-12v-ar-sintetisko-virvi\\\/#local-main-place-address\"},\"telephone\":[],\"contactPoint\":{\"@type\":\"ContactPoint\",\"telephone\":\"+3725204833\",\"email\":\"info@championbaltics.com\"},\"openingHoursSpecification\":[{\"@type\":\"OpeningHoursSpecification\",\"dayOfWeek\":[\"Monday\",\"Tuesday\",\"Wednesday\",\"Thursday\",\"Friday\",\"Saturday\",\"Sunday\"],\"opens\":\"09:00\",\"closes\":\"17:00\"}],\"email\":\"info@championbaltics.com\",\"vatID\":\"EE102032772\"},{\"@type\":\"PostalAddress\",\"@id\":\"https:\\\/\\\/championbaltics.com\\\/lv\\\/toode\\\/ninja-4500-elektriska-vinca-12v-ar-sintetisko-virvi\\\/#local-main-place-address\",\"streetAddress\":\"P\u00e4rnu mnt 144\",\"addressLocality\":\"Tallinn\",\"postalCode\":\"11317\",\"addressRegion\":\"Harju\",\"addressCountry\":\"EE\"},{\"@type\":\"ImageObject\",\"inLanguage\":\"lv-LV\",\"@id\":\"https:\\\/\\\/championbaltics.com\\\/lv\\\/toode\\\/ninja-4500-elektriska-vinca-12v-ar-sintetisko-virvi\\\/#local-main-organization-logo\",\"url\":\"https:\\\/\\\/championbaltics.com\\\/wp-content\\\/uploads\\\/2025\\\/08\\\/cropped-ChampionBalticsLogo.webp\",\"contentUrl\":\"https:\\\/\\\/championbaltics.com\\\/wp-content\\\/uploads\\\/2025\\\/08\\\/cropped-ChampionBalticsLogo.webp\",\"width\":512,\"height\":512,\"caption\":\"Champion Baltics\"}]}<\/script>\n<meta property=\"product:price:amount\" content=\"369.00\" \/>\n<meta property=\"product:price:currency\" content=\"EUR\" \/>\n<meta property=\"og:availability\" content=\"instock\" \/>\n<meta property=\"product:availability\" content=\"instock\" \/>\n<meta property=\"product:retailer_item_id\" content=\"45SPA12\" \/>\n<meta property=\"product:condition\" content=\"new\" \/>\n<meta name=\"geo.placename\" content=\"Tallinn\" \/>\n<meta name=\"geo.region\" content=\"Estonia\" \/>\n<!-- \/ Yoast SEO Premium plugin. -->","yoast_head_json":{"title":"Ninja 4500 elektrisk\u0101 vin\u010da 12V \u2013 ar sint\u0113tisko virvi - Champion Baltics","description":"Ninja 4500 elektrisk\u0101 vin\u010da 12V ar t\u0113rauda trosi \u2013 2041 kg vilk\u0161anas sp\u0113ks, ieb\u016bv\u0113ta bremze, 3 pak\u0101pju planet\u0101rais p\u0101rnesums, t\u0101lvad\u012bbas pults, IP54 aizsardz\u012bbas klase, ide\u0101li piem\u0113rota ATV\/UTV un piekab\u0113m","robots":{"index":"index","follow":"follow","max-snippet":"max-snippet:-1","max-image-preview":"max-image-preview:large","max-video-preview":"max-video-preview:-1"},"canonical":"https:\/\/championbaltics.com\/lv\/toode\/ninja-4500-elektriska-vinca-12v-ar-sintetisko-virvi\/","og_locale":"lv_LV","og_type":"article","og_title":"Ninja 4500 elektrisk\u0101 vin\u010da 12V \u2013 ar sint\u0113tisko virvi","og_description":"Ninja 4500 elektrisk\u0101 vin\u010da 12V ar t\u0113rauda trosi \u2013 2041 kg vilk\u0161anas sp\u0113ks, ieb\u016bv\u0113ta bremze, 3 pak\u0101pju planet\u0101rais p\u0101rnesums, t\u0101lvad\u012bbas pults, IP54 aizsardz\u012bbas klase, ide\u0101li piem\u0113rota ATV\/UTV un piekab\u0113m","og_url":"https:\/\/championbaltics.com\/lv\/toode\/ninja-4500-elektriska-vinca-12v-ar-sintetisko-virvi\/","og_site_name":"Champion Baltics","article_publisher":"https:\/\/facebook.com\/championbaltics","og_image":[{"width":1920,"height":1920,"url":"https:\/\/championbaltics.com\/wp-content\/uploads\/2025\/11\/Ninja_45SPA_winch-frontr-1-scaled.webp","type":"image\/webp"}],"twitter_card":"summary_large_image","twitter_misc":{"Price":"369,00&nbsp;&euro;","Availability":"In stock"},"schema":{"@context":"https:\/\/schema.org","@graph":[{"@type":"WebPage","@id":"https:\/\/championbaltics.com\/lv\/toode\/ninja-4500-elektriska-vinca-12v-ar-sintetisko-virvi\/","url":"https:\/\/championbaltics.com\/lv\/toode\/ninja-4500-elektriska-vinca-12v-ar-sintetisko-virvi\/","name":"Ninja 4500 elektrisk\u0101 vin\u010da 12V \u2013 ar sint\u0113tisko virvi - Champion Baltics","isPartOf":{"@id":"https:\/\/championbaltics.com\/lv\/#website"},"primaryImageOfPage":{"@id":"https:\/\/championbaltics.com\/lv\/toode\/ninja-4500-elektriska-vinca-12v-ar-sintetisko-virvi\/#primaryimage"},"image":{"@id":"https:\/\/championbaltics.com\/lv\/toode\/ninja-4500-elektriska-vinca-12v-ar-sintetisko-virvi\/#primaryimage"},"thumbnailUrl":"https:\/\/championbaltics.com\/wp-content\/uploads\/2025\/11\/Ninja_45SPA_winch-frontr-1-scaled.webp","datePublished":"2025-11-03T10:54:29+00:00","description":"Ninja 4500 elektrisk\u0101 vin\u010da 12V ar t\u0113rauda trosi \u2013 2041 kg vilk\u0161anas sp\u0113ks, ieb\u016bv\u0113ta bremze, 3 pak\u0101pju planet\u0101rais p\u0101rnesums, t\u0101lvad\u012bbas pults, IP54 aizsardz\u012bbas klase, ide\u0101li piem\u0113rota ATV\/UTV un piekab\u0113m","breadcrumb":{"@id":"https:\/\/championbaltics.com\/lv\/toode\/ninja-4500-elektriska-vinca-12v-ar-sintetisko-virvi\/#breadcrumb"},"inLanguage":"lv-LV","potentialAction":[{"@type":"ReadAction","target":["https:\/\/championbaltics.com\/lv\/toode\/ninja-4500-elektriska-vinca-12v-ar-sintetisko-virvi\/"]}]},{"@type":"ImageObject","inLanguage":"lv-LV","@id":"https:\/\/championbaltics.com\/lv\/toode\/ninja-4500-elektriska-vinca-12v-ar-sintetisko-virvi\/#primaryimage","url":"https:\/\/championbaltics.com\/wp-content\/uploads\/2025\/11\/Ninja_45SPA_winch-frontr-1-scaled.webp","contentUrl":"https:\/\/championbaltics.com\/wp-content\/uploads\/2025\/11\/Ninja_45SPA_winch-frontr-1-scaled.webp","width":1920,"height":1920,"caption":"vin\u010das skats no priek\u0161puses"},{"@type":"BreadcrumbList","@id":"https:\/\/championbaltics.com\/lv\/toode\/ninja-4500-elektriska-vinca-12v-ar-sintetisko-virvi\/#breadcrumb","itemListElement":[{"@type":"ListItem","position":1,"name":"Home","item":"https:\/\/championbaltics.com\/lv\/"},{"@type":"ListItem","position":2,"name":"Veikals","item":"https:\/\/championbaltics.com\/lv\/veikals\/"},{"@type":"ListItem","position":3,"name":"Ninja 4500 elektrisk\u0101 vin\u010da 12V \u2013 ar sint\u0113tisko virvi"}]},{"@type":"WebSite","@id":"https:\/\/championbaltics.com\/lv\/#website","url":"https:\/\/championbaltics.com\/lv\/","name":"Champion Baltics","description":"Power equipments","publisher":{"@id":"https:\/\/championbaltics.com\/lv\/#organization"},"alternateName":"Champion Power Equipment","potentialAction":[{"@type":"SearchAction","target":{"@type":"EntryPoint","urlTemplate":"https:\/\/championbaltics.com\/lv\/?s={search_term_string}"},"query-input":{"@type":"PropertyValueSpecification","valueRequired":true,"valueName":"search_term_string"}}],"inLanguage":"lv-LV"},{"@type":["Organization","Place"],"@id":"https:\/\/championbaltics.com\/lv\/#organization","name":"Champion Baltics","alternateName":"Champion Power Equipment","url":"https:\/\/championbaltics.com\/lv\/","logo":{"@id":"https:\/\/championbaltics.com\/lv\/toode\/ninja-4500-elektriska-vinca-12v-ar-sintetisko-virvi\/#local-main-organization-logo"},"image":{"@id":"https:\/\/championbaltics.com\/lv\/toode\/ninja-4500-elektriska-vinca-12v-ar-sintetisko-virvi\/#local-main-organization-logo"},"sameAs":["https:\/\/facebook.com\/championbaltics"],"description":"Champion power equipment representer of State of Baltics","legalName":"T.O Engineering LLC","foundingDate":"2015-01-07","numberOfEmployees":{"@type":"QuantitativeValue","minValue":"1","maxValue":"10"},"hasMerchantReturnPolicy":{"@type":"MerchantReturnPolicy","merchantReturnLink":"https:\/\/championbaltics.com\/refund_returns\/"},"address":{"@id":"https:\/\/championbaltics.com\/lv\/toode\/ninja-4500-elektriska-vinca-12v-ar-sintetisko-virvi\/#local-main-place-address"},"telephone":[],"contactPoint":{"@type":"ContactPoint","telephone":"+3725204833","email":"info@championbaltics.com"},"openingHoursSpecification":[{"@type":"OpeningHoursSpecification","dayOfWeek":["Monday","Tuesday","Wednesday","Thursday","Friday","Saturday","Sunday"],"opens":"09:00","closes":"17:00"}],"email":"info@championbaltics.com","vatID":"EE102032772"},{"@type":"PostalAddress","@id":"https:\/\/championbaltics.com\/lv\/toode\/ninja-4500-elektriska-vinca-12v-ar-sintetisko-virvi\/#local-main-place-address","streetAddress":"P\u00e4rnu mnt 144","addressLocality":"Tallinn","postalCode":"11317","addressRegion":"Harju","addressCountry":"EE"},{"@type":"ImageObject","inLanguage":"lv-LV","@id":"https:\/\/championbaltics.com\/lv\/toode\/ninja-4500-elektriska-vinca-12v-ar-sintetisko-virvi\/#local-main-organization-logo","url":"https:\/\/championbaltics.com\/wp-content\/uploads\/2025\/08\/cropped-ChampionBalticsLogo.webp","contentUrl":"https:\/\/championbaltics.com\/wp-content\/uploads\/2025\/08\/cropped-ChampionBalticsLogo.webp","width":512,"height":512,"caption":"Champion Baltics"}]},"product_price_amount":"369.00","product_price_currency":"EUR","og_availability":"instock","product_availability":"instock","product_retailer_item_id":"45SPA12","product_condition":"new","geo.placename":"Tallinn","geo.region":"Estonia"},"_links":{"self":[{"href":"https:\/\/championbaltics.com\/lv\/wp-json\/wp\/v2\/product\/34235","targetHints":{"allow":["GET"]}}],"collection":[{"href":"https:\/\/championbaltics.com\/lv\/wp-json\/wp\/v2\/product"}],"about":[{"href":"https:\/\/championbaltics.com\/lv\/wp-json\/wp\/v2\/types\/product"}],"replies":[{"embeddable":true,"href":"https:\/\/championbaltics.com\/lv\/wp-json\/wp\/v2\/comments?post=34235"}],"version-history":[{"count":0,"href":"https:\/\/championbaltics.com\/lv\/wp-json\/wp\/v2\/product\/34235\/revisions"}],"wp:featuredmedia":[{"embeddable":true,"href":"https:\/\/championbaltics.com\/lv\/wp-json\/wp\/v2\/media\/34226"}],"wp:attachment":[{"href":"https:\/\/championbaltics.com\/lv\/wp-json\/wp\/v2\/media?parent=34235"}],"wp:term":[{"taxonomy":"product_brand","embeddable":true,"href":"https:\/\/championbaltics.com\/lv\/wp-json\/wp\/v2\/product_brand?post=34235"},{"taxonomy":"product_cat","embeddable":true,"href":"https:\/\/championbaltics.com\/lv\/wp-json\/wp\/v2\/product_cat?post=34235"},{"taxonomy":"product_tag","embeddable":true,"href":"https:\/\/championbaltics.com\/lv\/wp-json\/wp\/v2\/product_tag?post=34235"}],"curies":[{"name":"wp","href":"https:\/\/api.w.org\/{rel}","templated":true}]}}